{"id":67,"date":"2023-12-28T22:23:28","date_gmt":"2023-12-28T21:23:28","guid":{"rendered":"https:\/\/baronie.von-rosenstein.de\/?page_id=67"},"modified":"2024-01-19T18:56:10","modified_gmt":"2024-01-19T17:56:10","slug":"vasallen","status":"publish","type":"page","link":"https:\/\/baronie.von-rosenstein.de\/index.php\/vasallen\/","title":{"rendered":"Vasallen"},"content":{"rendered":"\n<section class=\"wp-block-group is-layout-flow wp-block-group-is-layout-flow\">\n<div class=\"wp-block-cover has-parallax\" style=\"padding-top:10rem;padding-bottom:10rem\"><span aria-hidden=\"true\" class=\"wp-block-cover__background has-background-dim-80 has-background-dim wp-block-cover__gradient-background has-background-gradient has-diagonal-primary-to-foreground-gradient-background\"><\/span><div role=\"img\" class=\"wp-block-cover__image-background wp-image-84 has-parallax\" style=\"background-position:50% 50%;background-image:url(https:\/\/baronie.von-rosenstein.de\/wp-content\/uploads\/2023\/12\/DALL\u00b7E-2023-12-28-23.06.29-The-vasalls-of-the-Baronie-Rosenstein-gathered-in-a-medieval-hall-subtly-decorated-with-a-few-red-banners-showcasing-the-baronys-golden-five-petaled.png)\"><\/div><div class=\"wp-block-cover__inner-container is-layout-flow wp-block-cover-is-layout-flow\">\n<div class=\"wp-block-group is-layout-constrained wp-block-group-is-layout-constrained\">\n<div class=\"wp-block-columns is-layout-flex wp-container-core-columns-is-layout-28f84493 wp-block-columns-is-layout-flex\">\n<div class=\"wp-block-column is-layout-flow wp-block-column-is-layout-flow\" style=\"flex-basis:20%\"><\/div>\n\n\n\n<div class=\"wp-block-column is-layout-flow wp-block-column-is-layout-flow\" style=\"flex-basis:60%\">\n<p>In der Baronie Rosenstein spielen die Vasallen eine zentrale Rolle in der gesellschaftlichen und politischen Struktur. Sie sind Lehensm\u00e4nner, die dem Baron Treue geschworen haben und ihm im Gegenzug f\u00fcr Schutz und Landbesitz dienen. Diese Vasallen sind oft selbst Adlige oder Ritter, die kleinere L\u00e4ndereien innerhalb der Baronie verwalten und ihrerseits \u00fcber eigene Untergebene und Bedienstete herrschen.<\/p>\n\n\n\n<p>Die Pflichten der Vasallen umfassen milit\u00e4rische Unterst\u00fctzung f\u00fcr den Baron in Kriegszeiten sowie Beratung und Hilfe in Verwaltungsangelegenheiten. Sie sind oft wesentliche Figuren in der Aufrechterhaltung der Ordnung und Sicherheit in der Baronie und spielen eine wichtige Rolle bei der Durchsetzung des Rechts und der Sammlung von Steuern.<\/p>\n<\/div>\n\n\n\n<div class=\"wp-block-column is-layout-flow wp-block-column-is-layout-flow\" style=\"flex-basis:20%\"><\/div>\n<\/div>\n<\/div>\n<\/div><\/div>\n<\/section>\n\n\n\n<section class=\"wp-block-group is-layout-flow wp-block-group-is-layout-flow\">\n<div class=\"wp-block-cover has-parallax\" style=\"padding-top:10rem;padding-bottom:10rem\"><span aria-hidden=\"true\" class=\"wp-block-cover__background has-background-dim-80 has-background-dim wp-block-cover__gradient-background has-background-gradient has-diagonal-primary-to-foreground-gradient-background\"><\/span><div role=\"img\" class=\"wp-block-cover__image-background wp-image-84 has-parallax\" style=\"background-position:50% 50%;background-image:url(https:\/\/baronie.von-rosenstein.de\/wp-content\/uploads\/2023\/12\/DALL\u00b7E-2023-12-28-23.06.29-The-vasalls-of-the-Baronie-Rosenstein-gathered-in-a-medieval-hall-subtly-decorated-with-a-few-red-banners-showcasing-the-baronys-golden-five-petaled.png)\"><\/div><div class=\"wp-block-cover__inner-container is-layout-flow wp-block-cover-is-layout-flow\">\n<div class=\"wp-block-group is-layout-constrained wp-block-group-is-layout-constrained\">\n<div class=\"wp-block-columns is-layout-flex wp-container-core-columns-is-layout-28f84493 wp-block-columns-is-layout-flex\">\n<div class=\"wp-block-column is-layout-flow wp-block-column-is-layout-flow\" style=\"flex-basis:20%\"><\/div>\n\n\n\n<div class=\"wp-block-column is-layout-flow wp-block-column-is-layout-flow\" style=\"flex-basis:60%\">\n<h2 class=\"wp-block-heading has-text-align-center has-x-large-font-size\">Haus Eberstrutz<\/h2>\n<\/div>\n\n\n\n<div class=\"wp-block-column is-layout-flow wp-block-column-is-layout-flow\" style=\"flex-basis:20%\"><\/div>\n<\/div>\n<\/div>\n\n\n\n<div class=\"wp-block-columns is-layout-flex wp-container-core-columns-is-layout-28f84493 wp-block-columns-is-layout-flex\">\n<div class=\"wp-block-column is-layout-flow wp-block-column-is-layout-flow\" style=\"flex-basis:66.66%\">\n<div class=\"wp-block-media-text is-stacked-on-mobile\"><figure class=\"wp-block-media-text__media\"><img loading=\"lazy\" decoding=\"async\" width=\"1024\" height=\"1024\" src=\"https:\/\/baronie.von-rosenstein.de\/wp-content\/uploads\/2023\/12\/b296baec-f498-41f5-ba1c-0e91c3cfb0ee.jpg\" alt=\"\" class=\"wp-image-219 size-full\" srcset=\"https:\/\/baronie.von-rosenstein.de\/wp-content\/uploads\/2023\/12\/b296baec-f498-41f5-ba1c-0e91c3cfb0ee.jpg 1024w, https:\/\/baronie.von-rosenstein.de\/wp-content\/uploads\/2023\/12\/b296baec-f498-41f5-ba1c-0e91c3cfb0ee-300x300.jpg 300w, https:\/\/baronie.von-rosenstein.de\/wp-content\/uploads\/2023\/12\/b296baec-f498-41f5-ba1c-0e91c3cfb0ee-150x150.jpg 150w, https:\/\/baronie.von-rosenstein.de\/wp-content\/uploads\/2023\/12\/b296baec-f498-41f5-ba1c-0e91c3cfb0ee-768x768.jpg 768w\" sizes=\"auto, (max-width: 1024px) 100vw, 1024px\" \/><\/figure><div class=\"wp-block-media-text__content\">\n<p><strong>Ritter<\/strong><\/p>\n\n\n\n<p>Eberhardt von Eberstrutz<\/p>\n\n\n\n<div class=\"wp-block-group is-vertical is-layout-flex wp-container-core-group-is-layout-fe9cc265 wp-block-group-is-layout-flex\">\n<div class=\"wp-block-group is-vertical is-layout-flex wp-container-core-group-is-layout-fe9cc265 wp-block-group-is-layout-flex\">\n<div class=\"wp-block-media-text is-stacked-on-mobile\"><figure class=\"wp-block-media-text__media\"><\/figure><div class=\"wp-block-media-text__content\">\n<p><\/p>\n<\/div><\/div>\n<\/div>\n\n\n\n<div class=\"wp-block-group is-vertical is-layout-flex wp-container-core-group-is-layout-fe9cc265 wp-block-group-is-layout-flex\">\n<div class=\"wp-block-media-text is-stacked-on-mobile\"><figure class=\"wp-block-media-text__media\"><\/figure><div class=\"wp-block-media-text__content\">\n<p><\/p>\n<\/div><\/div>\n<\/div>\n<\/div>\n<\/div><\/div>\n<\/div>\n\n\n\n<div class=\"wp-block-column is-layout-flow wp-block-column-is-layout-flow\" style=\"flex-basis:33.33%\">\n<div class=\"wp-block-media-text is-stacked-on-mobile\"><figure class=\"wp-block-media-text__media\"><img loading=\"lazy\" decoding=\"async\" width=\"1024\" height=\"1024\" src=\"https:\/\/baronie.von-rosenstein.de\/wp-content\/uploads\/2023\/12\/0253d85d-270f-47a8-b5a2-fd5311c072e7.jpeg\" alt=\"\" class=\"wp-image-17 size-full\" srcset=\"https:\/\/baronie.von-rosenstein.de\/wp-content\/uploads\/2023\/12\/0253d85d-270f-47a8-b5a2-fd5311c072e7.jpeg 1024w, https:\/\/baronie.von-rosenstein.de\/wp-content\/uploads\/2023\/12\/0253d85d-270f-47a8-b5a2-fd5311c072e7-300x300.jpeg 300w, https:\/\/baronie.von-rosenstein.de\/wp-content\/uploads\/2023\/12\/0253d85d-270f-47a8-b5a2-fd5311c072e7-150x150.jpeg 150w, https:\/\/baronie.von-rosenstein.de\/wp-content\/uploads\/2023\/12\/0253d85d-270f-47a8-b5a2-fd5311c072e7-768x768.jpeg 768w\" sizes=\"auto, (max-width: 1024px) 100vw, 1024px\" \/><\/figure><div class=\"wp-block-media-text__content\">\n<p><strong>Erbe<\/strong><\/p>\n\n\n\n<p>Liam von Eberstrutz<\/p>\n<\/div><\/div>\n<\/div>\n<\/div>\n\n\n\n<div class=\"wp-block-columns is-layout-flex wp-container-core-columns-is-layout-28f84493 wp-block-columns-is-layout-flex\">\n<div class=\"wp-block-column is-layout-flow wp-block-column-is-layout-flow\">\n<div class=\"wp-block-media-text is-stacked-on-mobile\"><figure class=\"wp-block-media-text__media\"><img loading=\"lazy\" decoding=\"async\" width=\"1024\" height=\"1024\" src=\"https:\/\/baronie.von-rosenstein.de\/wp-content\/uploads\/2023\/12\/0253d85d-270f-47a8-b5a2-fd5311c072e7.jpeg\" alt=\"\" class=\"wp-image-17 size-full\" srcset=\"https:\/\/baronie.von-rosenstein.de\/wp-content\/uploads\/2023\/12\/0253d85d-270f-47a8-b5a2-fd5311c072e7.jpeg 1024w, https:\/\/baronie.von-rosenstein.de\/wp-content\/uploads\/2023\/12\/0253d85d-270f-47a8-b5a2-fd5311c072e7-300x300.jpeg 300w, https:\/\/baronie.von-rosenstein.de\/wp-content\/uploads\/2023\/12\/0253d85d-270f-47a8-b5a2-fd5311c072e7-150x150.jpeg 150w, https:\/\/baronie.von-rosenstein.de\/wp-content\/uploads\/2023\/12\/0253d85d-270f-47a8-b5a2-fd5311c072e7-768x768.jpeg 768w\" sizes=\"auto, (max-width: 1024px) 100vw, 1024px\" \/><\/figure><div class=\"wp-block-media-text__content\">\n<p><strong>Magd<\/strong><\/p>\n\n\n\n<p>Yora<\/p>\n<\/div><\/div>\n<\/div>\n\n\n\n<div class=\"wp-block-column is-layout-flow wp-block-column-is-layout-flow\"><\/div>\n\n\n\n<div class=\"wp-block-column is-layout-flow wp-block-column-is-layout-flow\"><\/div>\n<\/div>\n<\/div><\/div>\n\n\n\n<div class=\"wp-block-cover has-parallax\" style=\"padding-top:10rem;padding-bottom:10rem\"><span aria-hidden=\"true\" class=\"wp-block-cover__background has-background-dim-80 has-background-dim wp-block-cover__gradient-background has-background-gradient has-diagonal-primary-to-foreground-gradient-background\"><\/span><div role=\"img\" class=\"wp-block-cover__image-background wp-image-84 has-parallax\" style=\"background-position:50% 50%;background-image:url(https:\/\/baronie.von-rosenstein.de\/wp-content\/uploads\/2023\/12\/DALL\u00b7E-2023-12-28-23.06.29-The-vasalls-of-the-Baronie-Rosenstein-gathered-in-a-medieval-hall-subtly-decorated-with-a-few-red-banners-showcasing-the-baronys-golden-five-petaled.png)\"><\/div><div class=\"wp-block-cover__inner-container is-layout-flow wp-block-cover-is-layout-flow\">\n<div class=\"wp-block-group is-layout-constrained wp-block-group-is-layout-constrained\">\n<div class=\"wp-block-columns is-layout-flex wp-container-core-columns-is-layout-28f84493 wp-block-columns-is-layout-flex\">\n<div class=\"wp-block-column is-layout-flow wp-block-column-is-layout-flow\" style=\"flex-basis:20%\"><\/div>\n\n\n\n<div class=\"wp-block-column is-layout-flow wp-block-column-is-layout-flow\" style=\"flex-basis:60%\">\n<h2 class=\"wp-block-heading has-text-align-center has-x-large-font-size\">Haus Falkenhof<\/h2>\n<\/div>\n\n\n\n<div class=\"wp-block-column is-layout-flow wp-block-column-is-layout-flow\" style=\"flex-basis:20%\"><\/div>\n<\/div>\n<\/div>\n\n\n\n<div class=\"wp-block-columns is-layout-flex wp-container-core-columns-is-layout-28f84493 wp-block-columns-is-layout-flex\">\n<div class=\"wp-block-column is-layout-flow wp-block-column-is-layout-flow\" style=\"flex-basis:66.66%\">\n<div class=\"wp-block-media-text is-stacked-on-mobile\"><figure class=\"wp-block-media-text__media\"><img loading=\"lazy\" decoding=\"async\" width=\"1024\" height=\"1024\" src=\"https:\/\/baronie.von-rosenstein.de\/wp-content\/uploads\/2024\/01\/DALL\u00b7E-2024-01-05-22.07.48-A-character-in-the-style-of-Kingdom-Come_-Deliverance-representing-Reinhard-von-Falkenhof-who-is-60-years-old.-He-has-a-proud-and-duty-bound-expres.png\" alt=\"\" class=\"wp-image-245 size-full\" srcset=\"https:\/\/baronie.von-rosenstein.de\/wp-content\/uploads\/2024\/01\/DALL\u00b7E-2024-01-05-22.07.48-A-character-in-the-style-of-Kingdom-Come_-Deliverance-representing-Reinhard-von-Falkenhof-who-is-60-years-old.-He-has-a-proud-and-duty-bound-expres.png 1024w, https:\/\/baronie.von-rosenstein.de\/wp-content\/uploads\/2024\/01\/DALL\u00b7E-2024-01-05-22.07.48-A-character-in-the-style-of-Kingdom-Come_-Deliverance-representing-Reinhard-von-Falkenhof-who-is-60-years-old.-He-has-a-proud-and-duty-bound-expres-300x300.png 300w, https:\/\/baronie.von-rosenstein.de\/wp-content\/uploads\/2024\/01\/DALL\u00b7E-2024-01-05-22.07.48-A-character-in-the-style-of-Kingdom-Come_-Deliverance-representing-Reinhard-von-Falkenhof-who-is-60-years-old.-He-has-a-proud-and-duty-bound-expres-150x150.png 150w, https:\/\/baronie.von-rosenstein.de\/wp-content\/uploads\/2024\/01\/DALL\u00b7E-2024-01-05-22.07.48-A-character-in-the-style-of-Kingdom-Come_-Deliverance-representing-Reinhard-von-Falkenhof-who-is-60-years-old.-He-has-a-proud-and-duty-bound-expres-768x768.png 768w\" sizes=\"auto, (max-width: 1024px) 100vw, 1024px\" \/><\/figure><div class=\"wp-block-media-text__content\">\n<p><strong>Ritter<\/strong><\/p>\n\n\n\n<p>Reinhard von Falkenhof<\/p>\n\n\n\n<div class=\"wp-block-group is-vertical is-layout-flex wp-container-core-group-is-layout-fe9cc265 wp-block-group-is-layout-flex\">\n<div class=\"wp-block-group is-vertical is-layout-flex wp-container-core-group-is-layout-fe9cc265 wp-block-group-is-layout-flex\">\n<div class=\"wp-block-media-text is-stacked-on-mobile\"><figure class=\"wp-block-media-text__media\"><\/figure><div class=\"wp-block-media-text__content\">\n<p><\/p>\n<\/div><\/div>\n<\/div>\n\n\n\n<div class=\"wp-block-group is-vertical is-layout-flex wp-container-core-group-is-layout-fe9cc265 wp-block-group-is-layout-flex\">\n<div class=\"wp-block-media-text is-stacked-on-mobile\"><figure class=\"wp-block-media-text__media\"><\/figure><div class=\"wp-block-media-text__content\">\n<p><\/p>\n<\/div><\/div>\n<\/div>\n<\/div>\n<\/div><\/div>\n<\/div>\n\n\n\n<div class=\"wp-block-column is-layout-flow wp-block-column-is-layout-flow\" style=\"flex-basis:33.33%\"><\/div>\n<\/div>\n<\/div><\/div>\n<\/section>\n","protected":false},"excerpt":{"rendered":"","protected":false},"author":1,"featured_media":0,"parent":0,"menu_order":0,"comment_status":"closed","ping_status":"closed","template":"","meta":{"footnotes":""},"class_list":["post-67","page","type-page","status-publish","hentry"],"_links":{"self":[{"href":"https:\/\/baronie.von-rosenstein.de\/index.php\/wp-json\/wp\/v2\/pages\/67","targetHints":{"allow":["GET"]}}],"collection":[{"href":"https:\/\/baronie.von-rosenstein.de\/index.php\/wp-json\/wp\/v2\/pages"}],"about":[{"href":"https:\/\/baronie.von-rosenstein.de\/index.php\/wp-json\/wp\/v2\/types\/page"}],"author":[{"embeddable":true,"href":"https:\/\/baronie.von-rosenstein.de\/index.php\/wp-json\/wp\/v2\/users\/1"}],"replies":[{"embeddable":true,"href":"https:\/\/baronie.von-rosenstein.de\/index.php\/wp-json\/wp\/v2\/comments?post=67"}],"version-history":[{"count":21,"href":"https:\/\/baronie.von-rosenstein.de\/index.php\/wp-json\/wp\/v2\/pages\/67\/revisions"}],"predecessor-version":[{"id":288,"href":"https:\/\/baronie.von-rosenstein.de\/index.php\/wp-json\/wp\/v2\/pages\/67\/revisions\/288"}],"wp:attachment":[{"href":"https:\/\/baronie.von-rosenstein.de\/index.php\/wp-json\/wp\/v2\/media?parent=67"}],"curies":[{"name":"wp","href":"https:\/\/api.w.org\/{rel}","templated":true}]}}