{"id":39,"date":"2023-12-28T20:11:01","date_gmt":"2023-12-28T19:11:01","guid":{"rendered":"https:\/\/baronie.von-rosenstein.de\/?page_id=39"},"modified":"2024-04-21T21:41:50","modified_gmt":"2024-04-21T19:41:50","slug":"hof","status":"publish","type":"page","link":"https:\/\/baronie.von-rosenstein.de\/index.php\/hof\/","title":{"rendered":"Hof"},"content":{"rendered":"\n<section class=\"wp-block-group is-layout-flow wp-block-group-is-layout-flow\">\n<div class=\"wp-block-cover has-parallax\" style=\"padding-top:10rem;padding-bottom:10rem\"><span aria-hidden=\"true\" class=\"wp-block-cover__background has-background-dim-80 has-background-dim wp-block-cover__gradient-background has-background-gradient has-diagonal-primary-to-foreground-gradient-background\"><\/span><div class=\"wp-block-cover__image-background wp-image-84 has-parallax\" style=\"background-position:50% 50%;background-image:url(https:\/\/baronie.von-rosenstein.de\/wp-content\/uploads\/2023\/12\/DALL\u00b7E-2023-12-28-23.06.29-The-vasalls-of-the-Baronie-Rosenstein-gathered-in-a-medieval-hall-subtly-decorated-with-a-few-red-banners-showcasing-the-baronys-golden-five-petaled.png)\"><\/div><div class=\"wp-block-cover__inner-container is-layout-flow wp-block-cover-is-layout-flow\">\n<div class=\"wp-block-columns is-layout-flex wp-container-core-columns-is-layout-28f84493 wp-block-columns-is-layout-flex\">\n<div class=\"wp-block-column is-layout-flow wp-block-column-is-layout-flow\" style=\"flex-basis:66.66%\">\n<div class=\"wp-block-media-text has-media-on-the-right is-stacked-on-mobile\"><div class=\"wp-block-media-text__content\">\n<p class=\"has-text-align-right\"><strong>Baron<\/strong><\/p>\n\n\n\n<p class=\"has-text-align-right\">Heinrich von Rosenstein<\/p>\n<\/div><figure class=\"wp-block-media-text__media\"><img loading=\"lazy\" decoding=\"async\" width=\"1024\" height=\"1024\" src=\"https:\/\/baronie.von-rosenstein.de\/wp-content\/uploads\/2023\/12\/143902c9-23fd-42cb-aa22-7d790e18fe0e-2.jpeg\" alt=\"\" class=\"wp-image-34 size-full\" srcset=\"https:\/\/baronie.von-rosenstein.de\/wp-content\/uploads\/2023\/12\/143902c9-23fd-42cb-aa22-7d790e18fe0e-2.jpeg 1024w, https:\/\/baronie.von-rosenstein.de\/wp-content\/uploads\/2023\/12\/143902c9-23fd-42cb-aa22-7d790e18fe0e-2-300x300.jpeg 300w, https:\/\/baronie.von-rosenstein.de\/wp-content\/uploads\/2023\/12\/143902c9-23fd-42cb-aa22-7d790e18fe0e-2-150x150.jpeg 150w, https:\/\/baronie.von-rosenstein.de\/wp-content\/uploads\/2023\/12\/143902c9-23fd-42cb-aa22-7d790e18fe0e-2-768x768.jpeg 768w\" sizes=\"auto, (max-width: 1024px) 100vw, 1024px\" \/><\/figure><\/div>\n<\/div>\n\n\n\n<div class=\"wp-block-column is-layout-flow wp-block-column-is-layout-flow\" style=\"flex-basis:33.33%\"><\/div>\n<\/div>\n\n\n\n<div class=\"wp-block-columns is-layout-flex wp-container-core-columns-is-layout-28f84493 wp-block-columns-is-layout-flex\">\n<div class=\"wp-block-column is-layout-flow wp-block-column-is-layout-flow\">\n<div class=\"wp-block-media-text is-stacked-on-mobile\"><figure class=\"wp-block-media-text__media\"><img loading=\"lazy\" decoding=\"async\" width=\"942\" height=\"942\" src=\"https:\/\/baronie.von-rosenstein.de\/wp-content\/uploads\/2024\/01\/ludovik.png\" alt=\"\" class=\"wp-image-237 size-full\" srcset=\"https:\/\/baronie.von-rosenstein.de\/wp-content\/uploads\/2024\/01\/ludovik.png 942w, https:\/\/baronie.von-rosenstein.de\/wp-content\/uploads\/2024\/01\/ludovik-300x300.png 300w, https:\/\/baronie.von-rosenstein.de\/wp-content\/uploads\/2024\/01\/ludovik-150x150.png 150w, https:\/\/baronie.von-rosenstein.de\/wp-content\/uploads\/2024\/01\/ludovik-768x768.png 768w\" sizes=\"auto, (max-width: 942px) 100vw, 942px\" \/><\/figure><div class=\"wp-block-media-text__content\">\n<p><strong>Ratskanzler<\/strong><\/p>\n\n\n\n<p>Ludovik Markwart<\/p>\n<\/div><\/div>\n<\/div>\n\n\n\n<div class=\"wp-block-column is-layout-flow wp-block-column-is-layout-flow\">\n<div class=\"wp-block-media-text is-stacked-on-mobile\"><figure class=\"wp-block-media-text__media\"><img loading=\"lazy\" decoding=\"async\" width=\"1024\" height=\"1024\" src=\"https:\/\/baronie.von-rosenstein.de\/wp-content\/uploads\/2024\/01\/DALL\u00b7E-2024-01-05-22.00.41-A-character-in-the-style-of-Kingdom-Come_-Deliverance-representing-Magister-Golo.-He-is-about-40-years-old-with-short-blonde-hair-wearing-a-long-g.png\" alt=\"\" class=\"wp-image-242 size-full\" srcset=\"https:\/\/baronie.von-rosenstein.de\/wp-content\/uploads\/2024\/01\/DALL\u00b7E-2024-01-05-22.00.41-A-character-in-the-style-of-Kingdom-Come_-Deliverance-representing-Magister-Golo.-He-is-about-40-years-old-with-short-blonde-hair-wearing-a-long-g.png 1024w, https:\/\/baronie.von-rosenstein.de\/wp-content\/uploads\/2024\/01\/DALL\u00b7E-2024-01-05-22.00.41-A-character-in-the-style-of-Kingdom-Come_-Deliverance-representing-Magister-Golo.-He-is-about-40-years-old-with-short-blonde-hair-wearing-a-long-g-300x300.png 300w, https:\/\/baronie.von-rosenstein.de\/wp-content\/uploads\/2024\/01\/DALL\u00b7E-2024-01-05-22.00.41-A-character-in-the-style-of-Kingdom-Come_-Deliverance-representing-Magister-Golo.-He-is-about-40-years-old-with-short-blonde-hair-wearing-a-long-g-150x150.png 150w, https:\/\/baronie.von-rosenstein.de\/wp-content\/uploads\/2024\/01\/DALL\u00b7E-2024-01-05-22.00.41-A-character-in-the-style-of-Kingdom-Come_-Deliverance-representing-Magister-Golo.-He-is-about-40-years-old-with-short-blonde-hair-wearing-a-long-g-768x768.png 768w\" sizes=\"auto, (max-width: 1024px) 100vw, 1024px\" \/><\/figure><div class=\"wp-block-media-text__content\">\n<p><strong>Magister<\/strong><\/p>\n\n\n\n<p>Golo<\/p>\n<\/div><\/div>\n<\/div>\n\n\n\n<div class=\"wp-block-column is-layout-flow wp-block-column-is-layout-flow\">\n<div class=\"wp-block-media-text is-stacked-on-mobile\"><figure class=\"wp-block-media-text__media\"><img loading=\"lazy\" decoding=\"async\" width=\"1024\" height=\"1024\" src=\"https:\/\/baronie.von-rosenstein.de\/wp-content\/uploads\/2024\/04\/DALL\u00b7E-2024-04-17-12.20.46-A-portrait-of-an-18-year-old-medieval-squire-named-Johannes-von-Falkenhof.-He-has-short-brown-hair-and-a-youthful-determined-expression.-He-is-wearin_sq.png\" alt=\"\" class=\"wp-image-304 size-full\" srcset=\"https:\/\/baronie.von-rosenstein.de\/wp-content\/uploads\/2024\/04\/DALL\u00b7E-2024-04-17-12.20.46-A-portrait-of-an-18-year-old-medieval-squire-named-Johannes-von-Falkenhof.-He-has-short-brown-hair-and-a-youthful-determined-expression.-He-is-wearin_sq.png 1024w, https:\/\/baronie.von-rosenstein.de\/wp-content\/uploads\/2024\/04\/DALL\u00b7E-2024-04-17-12.20.46-A-portrait-of-an-18-year-old-medieval-squire-named-Johannes-von-Falkenhof.-He-has-short-brown-hair-and-a-youthful-determined-expression.-He-is-wearin_sq-300x300.png 300w, https:\/\/baronie.von-rosenstein.de\/wp-content\/uploads\/2024\/04\/DALL\u00b7E-2024-04-17-12.20.46-A-portrait-of-an-18-year-old-medieval-squire-named-Johannes-von-Falkenhof.-He-has-short-brown-hair-and-a-youthful-determined-expression.-He-is-wearin_sq-150x150.png 150w, https:\/\/baronie.von-rosenstein.de\/wp-content\/uploads\/2024\/04\/DALL\u00b7E-2024-04-17-12.20.46-A-portrait-of-an-18-year-old-medieval-squire-named-Johannes-von-Falkenhof.-He-has-short-brown-hair-and-a-youthful-determined-expression.-He-is-wearin_sq-768x768.png 768w\" sizes=\"auto, (max-width: 1024px) 100vw, 1024px\" \/><\/figure><div class=\"wp-block-media-text__content\">\n<p><strong>Knappe<\/strong><\/p>\n\n\n\n<p>Johannes von Falkenhof<\/p>\n<\/div><\/div>\n<\/div>\n<\/div>\n\n\n\n<div class=\"wp-block-columns is-layout-flex wp-container-core-columns-is-layout-28f84493 wp-block-columns-is-layout-flex\">\n<div class=\"wp-block-column is-layout-flow wp-block-column-is-layout-flow\">\n<div class=\"wp-block-media-text is-stacked-on-mobile\"><figure class=\"wp-block-media-text__media\"><img loading=\"lazy\" decoding=\"async\" width=\"1024\" height=\"1024\" src=\"https:\/\/baronie.von-rosenstein.de\/wp-content\/uploads\/2023\/12\/9d5f0d00-b153-4678-9cdd-f9e5cc63c62f.jpg\" alt=\"\" class=\"wp-image-222 size-full\" srcset=\"https:\/\/baronie.von-rosenstein.de\/wp-content\/uploads\/2023\/12\/9d5f0d00-b153-4678-9cdd-f9e5cc63c62f.jpg 1024w, https:\/\/baronie.von-rosenstein.de\/wp-content\/uploads\/2023\/12\/9d5f0d00-b153-4678-9cdd-f9e5cc63c62f-300x300.jpg 300w, https:\/\/baronie.von-rosenstein.de\/wp-content\/uploads\/2023\/12\/9d5f0d00-b153-4678-9cdd-f9e5cc63c62f-150x150.jpg 150w, https:\/\/baronie.von-rosenstein.de\/wp-content\/uploads\/2023\/12\/9d5f0d00-b153-4678-9cdd-f9e5cc63c62f-768x768.jpg 768w\" sizes=\"auto, (max-width: 1024px) 100vw, 1024px\" \/><\/figure><div class=\"wp-block-media-text__content\">\n<p><strong>Kriegsknecht<\/strong><\/p>\n\n\n\n<p>Huldrych<\/p>\n<\/div><\/div>\n<\/div>\n\n\n\n<div class=\"wp-block-column is-layout-flow wp-block-column-is-layout-flow\"><\/div>\n\n\n\n<div class=\"wp-block-column is-layout-flow wp-block-column-is-layout-flow\"><\/div>\n<\/div>\n<\/div><\/div>\n<\/section>\n\n\n\n<section class=\"wp-block-group is-layout-flow wp-block-group-is-layout-flow\">\n<div class=\"wp-block-cover has-parallax\" style=\"padding-top:10rem;padding-bottom:10rem\"><span aria-hidden=\"true\" class=\"wp-block-cover__background has-background-dim-80 has-background-dim wp-block-cover__gradient-background has-background-gradient has-diagonal-primary-to-foreground-gradient-background\"><\/span><div class=\"wp-block-cover__image-background wp-image-84 has-parallax\" style=\"background-position:50% 50%;background-image:url(https:\/\/baronie.von-rosenstein.de\/wp-content\/uploads\/2023\/12\/DALL\u00b7E-2023-12-28-23.06.29-The-vasalls-of-the-Baronie-Rosenstein-gathered-in-a-medieval-hall-subtly-decorated-with-a-few-red-banners-showcasing-the-baronys-golden-five-petaled.png)\"><\/div><div class=\"wp-block-cover__inner-container is-layout-flow wp-block-cover-is-layout-flow\">\n<div class=\"wp-block-group is-layout-constrained wp-block-group-is-layout-constrained\">\n<div class=\"wp-block-columns is-layout-flex wp-container-core-columns-is-layout-28f84493 wp-block-columns-is-layout-flex\">\n<div class=\"wp-block-column is-layout-flow wp-block-column-is-layout-flow\" style=\"flex-basis:20%\"><\/div>\n\n\n\n<div class=\"wp-block-column is-layout-flow wp-block-column-is-layout-flow\" style=\"flex-basis:60%\">\n<h2 class=\"wp-block-heading has-text-align-center has-x-large-font-size\">Hof<\/h2>\n\n\n\n<p>Die Bewohner des Hofes bilden eine vielf\u00e4ltige und lebendige Gemeinschaft, die das Herzst\u00fcck des sozialen und politischen Lebens der Baronie darstellt. Im Zentrum steht die Adelsfamilie, angef\u00fchrt vom Baron selbst, der von seiner Familie und engsten Vertrauten umgeben ist.<br>Zu den bedeutenden Pers\u00f6nlichkeiten am Hof geh\u00f6ren die R\u00e4te des Barons, Adlige und Ritter, die sowohl als Berater als auch als Ausf\u00fchrer wichtiger Aufgaben fungieren.<br>Der Hof beherbergt au\u00dferdem eine Vielzahl von Bediensteten, darunter Diener, K\u00f6che, Stallknechte und Handwerker, die f\u00fcr das reibungslose Funktionieren des t\u00e4glichen Lebens sorgen.<\/p>\n<\/div>\n\n\n\n<div class=\"wp-block-column is-layout-flow wp-block-column-is-layout-flow\" style=\"flex-basis:20%\"><\/div>\n<\/div>\n<\/div>\n<\/div><\/div>\n<\/section>\n","protected":false},"excerpt":{"rendered":"","protected":false},"author":1,"featured_media":0,"parent":0,"menu_order":0,"comment_status":"closed","ping_status":"closed","template":"wp-custom-template-seiten-rosenstein","meta":{"footnotes":""},"class_list":["post-39","page","type-page","status-publish","hentry"],"_links":{"self":[{"href":"https:\/\/baronie.von-rosenstein.de\/index.php\/wp-json\/wp\/v2\/pages\/39","targetHints":{"allow":["GET"]}}],"collection":[{"href":"https:\/\/baronie.von-rosenstein.de\/index.php\/wp-json\/wp\/v2\/pages"}],"about":[{"href":"https:\/\/baronie.von-rosenstein.de\/index.php\/wp-json\/wp\/v2\/types\/page"}],"author":[{"embeddable":true,"href":"https:\/\/baronie.von-rosenstein.de\/index.php\/wp-json\/wp\/v2\/users\/1"}],"replies":[{"embeddable":true,"href":"https:\/\/baronie.von-rosenstein.de\/index.php\/wp-json\/wp\/v2\/comments?post=39"}],"version-history":[{"count":47,"href":"https:\/\/baronie.von-rosenstein.de\/index.php\/wp-json\/wp\/v2\/pages\/39\/revisions"}],"predecessor-version":[{"id":323,"href":"https:\/\/baronie.von-rosenstein.de\/index.php\/wp-json\/wp\/v2\/pages\/39\/revisions\/323"}],"wp:attachment":[{"href":"https:\/\/baronie.von-rosenstein.de\/index.php\/wp-json\/wp\/v2\/media?parent=39"}],"curies":[{"name":"wp","href":"https:\/\/api.w.org\/{rel}","templated":true}]}}