{"id":320,"date":"2024-04-21T21:41:24","date_gmt":"2024-04-21T19:41:24","guid":{"rendered":"https:\/\/baronie.von-rosenstein.de\/?page_id=320"},"modified":"2024-04-21T21:41:24","modified_gmt":"2024-04-21T19:41:24","slug":"rat","status":"publish","type":"page","link":"https:\/\/baronie.von-rosenstein.de\/index.php\/rat\/","title":{"rendered":"Rat"},"content":{"rendered":"\n<div class=\"wp-block-cover has-parallax\" style=\"padding-top:10rem;padding-bottom:10rem\"><span aria-hidden=\"true\" class=\"wp-block-cover__background has-background-dim-80 has-background-dim wp-block-cover__gradient-background has-background-gradient has-diagonal-primary-to-foreground-gradient-background\"><\/span><div class=\"wp-block-cover__image-background wp-image-32 has-parallax\" style=\"background-position:50% 50%;background-image:url(https:\/\/baronie.von-rosenstein.de\/wp-content\/uploads\/2023\/12\/2fa02743-439b-4a2a-9bed-0477ee20a427.jpeg)\"><\/div><div class=\"wp-block-cover__inner-container is-layout-flow wp-block-cover-is-layout-flow\">\n<div class=\"wp-block-group is-layout-constrained wp-block-group-is-layout-constrained\">\n<div class=\"wp-block-columns is-layout-flex wp-container-core-columns-is-layout-28f84493 wp-block-columns-is-layout-flex\">\n<div class=\"wp-block-column is-layout-flow wp-block-column-is-layout-flow\" style=\"flex-basis:20%\"><\/div>\n\n\n\n<div class=\"wp-block-column is-layout-flow wp-block-column-is-layout-flow\" style=\"flex-basis:60%\">\n<h2 class=\"wp-block-heading has-text-align-center has-x-large-font-size\">Rat<\/h2>\n\n\n\n<p>Der Rat der Baronie Rosenstein ist ein wichtiges Gremium in der mittelalterlichen Gesellschaftsstruktur der Baronie, bestehend aus einflussreichen und weisen Mitgliedern, die den Baron in Regierungs- und Verwaltungsangelegenheiten beraten. Dieser Rat setzt sich zusammen aus Adligen, erfahrenen Rittern, und vielleicht Geistlichen oder anderen respektierten Pers\u00f6nlichkeiten der Baronie. Ihre Aufgaben umfassen die Beratung in politischen, milit\u00e4rischen, und wirtschaftlichen Fragen sowie die Unterst\u00fctzung bei der Aufrechterhaltung von Gesetz und Ordnung. Der Rat spielt eine entscheidende Rolle bei der Formulierung von Strategien und Entscheidungen, die das Wohl und die Zukunft der Baronie Rosenstein beeinflussen.<\/p>\n<\/div>\n\n\n\n<div class=\"wp-block-column is-layout-flow wp-block-column-is-layout-flow\" style=\"flex-basis:20%\"><\/div>\n<\/div>\n<\/div>\n<\/div><\/div>\n\n\n\n<section class=\"wp-block-group is-layout-flow wp-block-group-is-layout-flow\">\n<div class=\"wp-block-cover has-parallax\" style=\"padding-top:10rem;padding-bottom:10rem\"><span aria-hidden=\"true\" class=\"wp-block-cover__background has-background-dim-80 has-background-dim wp-block-cover__gradient-background has-background-gradient has-diagonal-primary-to-foreground-gradient-background\"><\/span><div class=\"wp-block-cover__image-background wp-image-32 has-parallax\" style=\"background-position:50% 50%;background-image:url(https:\/\/baronie.von-rosenstein.de\/wp-content\/uploads\/2023\/12\/2fa02743-439b-4a2a-9bed-0477ee20a427.jpeg)\"><\/div><div class=\"wp-block-cover__inner-container is-layout-flow wp-block-cover-is-layout-flow\">\n<p> <span style=\"color: inherit; font-family: var(--wp--preset--font-family--roboto-sans-serif-font); font-size: var(--wp--preset--font-size--medium);\"> <\/span><div class=\"wp-block-columns\"><div class=\"wp-block-column\" style=\"flex-basis:66.66%\"><div class=\"wp-block-media-text has-media-on-the-right is-stacked-on-mobile\"><div class=\"wp-block-media-text__content\"><p class=\"has-text-align-right\"><strong>Baron<\/strong><\/p>   <p class=\"has-text-align-right\">Heinrich von Rosenstein<\/p> <\/div><figure class=\"wp-block-media-text__media\"><img loading=\"lazy\" decoding=\"async\" width=\"1024\" height=\"1024\" class=\"wp-image-34 size-full\" src=\"https:\/\/baronie.von-rosenstein.de\/wp-content\/uploads\/2023\/12\/143902c9-23fd-42cb-aa22-7d790e18fe0e-2.jpeg\" alt=\"\" srcset=\"https:\/\/baronie.von-rosenstein.de\/wp-content\/uploads\/2023\/12\/143902c9-23fd-42cb-aa22-7d790e18fe0e-2.jpeg 1024w, https:\/\/baronie.von-rosenstein.de\/wp-content\/uploads\/2023\/12\/143902c9-23fd-42cb-aa22-7d790e18fe0e-2-300x300.jpeg 300w, https:\/\/baronie.von-rosenstein.de\/wp-content\/uploads\/2023\/12\/143902c9-23fd-42cb-aa22-7d790e18fe0e-2-150x150.jpeg 150w, https:\/\/baronie.von-rosenstein.de\/wp-content\/uploads\/2023\/12\/143902c9-23fd-42cb-aa22-7d790e18fe0e-2-768x768.jpeg 768w\" sizes=\"auto, (max-width: 1024px) 100vw, 1024px\" \/><\/figure><\/div> <\/div>   <div class=\"wp-block-column\" style=\"flex-basis:33.33%\"><\/div> <\/div> <\/p>\n\n\n\n<div class=\"wp-block-columns is-layout-flex wp-container-core-columns-is-layout-28f84493 wp-block-columns-is-layout-flex\">\n<div class=\"wp-block-column is-layout-flow wp-block-column-is-layout-flow\">\n<div class=\"wp-block-media-text has-media-on-the-right is-stacked-on-mobile\"><div class=\"wp-block-media-text__content\">\n<p class=\"has-text-align-right\"><strong>Ratskanzler<\/strong><\/p>\n\n\n\n<p class=\"has-text-align-right\">Ludovik Markwart<\/p>\n<\/div><figure class=\"wp-block-media-text__media\"><img loading=\"lazy\" decoding=\"async\" width=\"942\" height=\"942\" src=\"https:\/\/baronie.von-rosenstein.de\/wp-content\/uploads\/2024\/01\/ludovik.png\" alt=\"\" class=\"wp-image-237 size-full\" srcset=\"https:\/\/baronie.von-rosenstein.de\/wp-content\/uploads\/2024\/01\/ludovik.png 942w, https:\/\/baronie.von-rosenstein.de\/wp-content\/uploads\/2024\/01\/ludovik-300x300.png 300w, https:\/\/baronie.von-rosenstein.de\/wp-content\/uploads\/2024\/01\/ludovik-150x150.png 150w, https:\/\/baronie.von-rosenstein.de\/wp-content\/uploads\/2024\/01\/ludovik-768x768.png 768w\" sizes=\"auto, (max-width: 942px) 100vw, 942px\" \/><\/figure><\/div>\n<\/div>\n\n\n\n<div class=\"wp-block-column is-layout-flow wp-block-column-is-layout-flow\">\n<div class=\"wp-block-media-text is-stacked-on-mobile\"><figure class=\"wp-block-media-text__media\"><img loading=\"lazy\" decoding=\"async\" width=\"1024\" height=\"1024\" src=\"https:\/\/baronie.von-rosenstein.de\/wp-content\/uploads\/2024\/01\/DALL\u00b7E-2024-01-05-22.00.41-A-character-in-the-style-of-Kingdom-Come_-Deliverance-representing-Magister-Golo.-He-is-about-40-years-old-with-short-blonde-hair-wearing-a-long-g.png\" alt=\"\" class=\"wp-image-242 size-full\" srcset=\"https:\/\/baronie.von-rosenstein.de\/wp-content\/uploads\/2024\/01\/DALL\u00b7E-2024-01-05-22.00.41-A-character-in-the-style-of-Kingdom-Come_-Deliverance-representing-Magister-Golo.-He-is-about-40-years-old-with-short-blonde-hair-wearing-a-long-g.png 1024w, https:\/\/baronie.von-rosenstein.de\/wp-content\/uploads\/2024\/01\/DALL\u00b7E-2024-01-05-22.00.41-A-character-in-the-style-of-Kingdom-Come_-Deliverance-representing-Magister-Golo.-He-is-about-40-years-old-with-short-blonde-hair-wearing-a-long-g-300x300.png 300w, https:\/\/baronie.von-rosenstein.de\/wp-content\/uploads\/2024\/01\/DALL\u00b7E-2024-01-05-22.00.41-A-character-in-the-style-of-Kingdom-Come_-Deliverance-representing-Magister-Golo.-He-is-about-40-years-old-with-short-blonde-hair-wearing-a-long-g-150x150.png 150w, https:\/\/baronie.von-rosenstein.de\/wp-content\/uploads\/2024\/01\/DALL\u00b7E-2024-01-05-22.00.41-A-character-in-the-style-of-Kingdom-Come_-Deliverance-representing-Magister-Golo.-He-is-about-40-years-old-with-short-blonde-hair-wearing-a-long-g-768x768.png 768w\" sizes=\"auto, (max-width: 1024px) 100vw, 1024px\" \/><\/figure><div class=\"wp-block-media-text__content\">\n<p class=\"has-text-align-left\"><strong>Magister<\/strong><\/p>\n\n\n\n<p class=\"has-text-align-left\">Golo<\/p>\n<\/div><\/div>\n<\/div>\n<\/div>\n\n\n\n<div class=\"wp-block-columns is-layout-flex wp-container-core-columns-is-layout-28f84493 wp-block-columns-is-layout-flex\">\n<div class=\"wp-block-column is-layout-flow wp-block-column-is-layout-flow\">\n<div class=\"wp-block-media-text has-media-on-the-right is-stacked-on-mobile\"><div class=\"wp-block-media-text__content\">\n<p class=\"has-text-align-right\"><strong>Ratsmarschall<\/strong><\/p>\n\n\n\n<p class=\"has-text-align-right\">Eberhardt von Eberstrutz<\/p>\n<\/div><figure class=\"wp-block-media-text__media\"><img loading=\"lazy\" decoding=\"async\" width=\"1024\" height=\"1024\" src=\"https:\/\/baronie.von-rosenstein.de\/wp-content\/uploads\/2023\/12\/b296baec-f498-41f5-ba1c-0e91c3cfb0ee.jpg\" alt=\"\" class=\"wp-image-219 size-full\" srcset=\"https:\/\/baronie.von-rosenstein.de\/wp-content\/uploads\/2023\/12\/b296baec-f498-41f5-ba1c-0e91c3cfb0ee.jpg 1024w, https:\/\/baronie.von-rosenstein.de\/wp-content\/uploads\/2023\/12\/b296baec-f498-41f5-ba1c-0e91c3cfb0ee-300x300.jpg 300w, https:\/\/baronie.von-rosenstein.de\/wp-content\/uploads\/2023\/12\/b296baec-f498-41f5-ba1c-0e91c3cfb0ee-150x150.jpg 150w, https:\/\/baronie.von-rosenstein.de\/wp-content\/uploads\/2023\/12\/b296baec-f498-41f5-ba1c-0e91c3cfb0ee-768x768.jpg 768w\" sizes=\"auto, (max-width: 1024px) 100vw, 1024px\" \/><\/figure><\/div>\n<\/div>\n\n\n\n<div class=\"wp-block-column is-layout-flow wp-block-column-is-layout-flow\">\n<div class=\"wp-block-media-text is-stacked-on-mobile\"><figure class=\"wp-block-media-text__media\"><img loading=\"lazy\" decoding=\"async\" width=\"1024\" height=\"1024\" src=\"https:\/\/baronie.von-rosenstein.de\/wp-content\/uploads\/2024\/01\/DALL\u00b7E-2024-01-01-19.46.27-A-portrait-of-Regent-Michael-von-Falkenhof-a-distinguished-character-from-the-Baronie-Rosenstein.-He-is-depicted-as-a-wise-and-benevolent-ruler-with.png\" alt=\"\" class=\"wp-image-240 size-full\" srcset=\"https:\/\/baronie.von-rosenstein.de\/wp-content\/uploads\/2024\/01\/DALL\u00b7E-2024-01-01-19.46.27-A-portrait-of-Regent-Michael-von-Falkenhof-a-distinguished-character-from-the-Baronie-Rosenstein.-He-is-depicted-as-a-wise-and-benevolent-ruler-with.png 1024w, https:\/\/baronie.von-rosenstein.de\/wp-content\/uploads\/2024\/01\/DALL\u00b7E-2024-01-01-19.46.27-A-portrait-of-Regent-Michael-von-Falkenhof-a-distinguished-character-from-the-Baronie-Rosenstein.-He-is-depicted-as-a-wise-and-benevolent-ruler-with-300x300.png 300w, https:\/\/baronie.von-rosenstein.de\/wp-content\/uploads\/2024\/01\/DALL\u00b7E-2024-01-01-19.46.27-A-portrait-of-Regent-Michael-von-Falkenhof-a-distinguished-character-from-the-Baronie-Rosenstein.-He-is-depicted-as-a-wise-and-benevolent-ruler-with-150x150.png 150w, https:\/\/baronie.von-rosenstein.de\/wp-content\/uploads\/2024\/01\/DALL\u00b7E-2024-01-01-19.46.27-A-portrait-of-Regent-Michael-von-Falkenhof-a-distinguished-character-from-the-Baronie-Rosenstein.-He-is-depicted-as-a-wise-and-benevolent-ruler-with-768x768.png 768w\" sizes=\"auto, (max-width: 1024px) 100vw, 1024px\" \/><\/figure><div class=\"wp-block-media-text__content\">\n<p class=\"has-text-align-left\"><strong>Ratsverwalter<\/strong><\/p>\n\n\n\n<p class=\"has-text-align-left\">Michael von Falkenhof<\/p>\n<\/div><\/div>\n<\/div>\n<\/div>\n<\/div><\/div>\n<\/section>\n","protected":false},"excerpt":{"rendered":"","protected":false},"author":1,"featured_media":0,"parent":0,"menu_order":0,"comment_status":"closed","ping_status":"closed","template":"","meta":{"footnotes":""},"class_list":["post-320","page","type-page","status-publish","hentry"],"_links":{"self":[{"href":"https:\/\/baronie.von-rosenstein.de\/index.php\/wp-json\/wp\/v2\/pages\/320","targetHints":{"allow":["GET"]}}],"collection":[{"href":"https:\/\/baronie.von-rosenstein.de\/index.php\/wp-json\/wp\/v2\/pages"}],"about":[{"href":"https:\/\/baronie.von-rosenstein.de\/index.php\/wp-json\/wp\/v2\/types\/page"}],"author":[{"embeddable":true,"href":"https:\/\/baronie.von-rosenstein.de\/index.php\/wp-json\/wp\/v2\/users\/1"}],"replies":[{"embeddable":true,"href":"https:\/\/baronie.von-rosenstein.de\/index.php\/wp-json\/wp\/v2\/comments?post=320"}],"version-history":[{"count":1,"href":"https:\/\/baronie.von-rosenstein.de\/index.php\/wp-json\/wp\/v2\/pages\/320\/revisions"}],"predecessor-version":[{"id":321,"href":"https:\/\/baronie.von-rosenstein.de\/index.php\/wp-json\/wp\/v2\/pages\/320\/revisions\/321"}],"wp:attachment":[{"href":"https:\/\/baronie.von-rosenstein.de\/index.php\/wp-json\/wp\/v2\/media?parent=320"}],"curies":[{"name":"wp","href":"https:\/\/api.w.org\/{rel}","templated":true}]}}