{"id":253,"date":"2024-01-14T23:44:54","date_gmt":"2024-01-14T22:44:54","guid":{"rendered":"https:\/\/baronie.von-rosenstein.de\/?page_id=253"},"modified":"2024-04-17T12:41:28","modified_gmt":"2024-04-17T10:41:28","slug":"mitmachen","status":"publish","type":"page","link":"https:\/\/baronie.von-rosenstein.de\/index.php\/mitmachen\/","title":{"rendered":"Mitmachen"},"content":{"rendered":"\n<section class=\"wp-block-group is-layout-flow wp-block-group-is-layout-flow\">\n<div class=\"wp-block-cover has-parallax\" style=\"padding-top:10rem;padding-bottom:10rem\"><span aria-hidden=\"true\" class=\"wp-block-cover__background has-background-dim-80 has-background-dim wp-block-cover__gradient-background has-background-gradient has-diagonal-primary-to-foreground-gradient-background\"><\/span><div class=\"wp-block-cover__image-background wp-image-255 has-parallax\" style=\"background-position:50% 50%;background-image:url(https:\/\/baronie.von-rosenstein.de\/wp-content\/uploads\/2024\/01\/DALL\u00b7E-2024-01-14-23.56.42-A-scene-inspired-by-Kingdom-Come_-Deliverance-taking-place-in-a-village-marketplace-where-Baron-Heinrich-Eberhardt-and-Ludovik-are-joyously-welc.png)\"><\/div><div class=\"wp-block-cover__inner-container is-layout-flow wp-block-cover-is-layout-flow\">\n<div class=\"wp-block-group is-layout-constrained wp-block-group-is-layout-constrained\">\n<div class=\"wp-block-columns is-layout-flex wp-container-core-columns-is-layout-28f84493 wp-block-columns-is-layout-flex\">\n<div class=\"wp-block-column is-layout-flow wp-block-column-is-layout-flow\" style=\"flex-basis:20%\"><\/div>\n\n\n\n<div class=\"wp-block-column is-layout-flow wp-block-column-is-layout-flow\" style=\"flex-basis:60%\">\n<p>Du hast eine Leidenschaft f\u00fcr das Mittelalter, Abenteuer und Rollenspiele? Dann bist du bei uns genau richtig! Die Baronie Rosenstein ist eine lebendige und enthusiastische LARP-Gruppe, die es liebt, in die faszinierende Welt des Mittelalters einzutauchen. <\/p>\n\n\n\n<p>Es ist ganz einfach, bei der Baronie Rosenstein mitzumachen. Du brauchst keine Vorerfahrung im LARP. Alles, was du tun musst, ist deine Begeisterung und Neugier mitzubringen.<\/p>\n\n\n\n<p>Besonders in unserer Baronie sind wir auf der Suche nach vielf\u00e4ltigen Charakteren, die unsere mittelalterliche Welt zum Leben erwecken k\u00f6nnen. Wir begr\u00fc\u00dfen insbesondere Kriegsknechte, Handwerker, Bauern und M\u00e4gde, da sie einen wichtigen Teil unseres historischen Settings darstellen. Egal, welche Rolle du in der Baronie Rosenstein einnehmen m\u00f6chtest, deine Begeisterung und Hingabe sind das, was z\u00e4hlt. Gemeinsam gestalten wir ein einzigartiges LARP-Erlebnis<\/p>\n\n\n\n<figure class=\"wp-block-pullquote\"><blockquote><p>Schreibe uns eine Nachricht, um dein Interesse zu bekunden. Wir werden dir alle Informationen und Einzelheiten geben, die du ben\u00f6tigst \ud83d\ude42<br><strong>E-Mail: baronie@von-rosenstein.de<br> Instagram: @baronie_rosenstein<\/strong><\/p><\/blockquote><\/figure>\n\n\n\n<p>Du bist herzlich eingeladen, an einem unserer Treffen teilzunehmen. Hier kannst du uns kennenlernen und alle deine Fragen stellen.<\/p>\n\n\n\n<p>Anfangs ben\u00f6tigst du keine authentische Kleidung aus dem 13. Jahrhundert. Wir unterst\u00fctzen dich dabei, und du kannst mit der Zeit deine Ausr\u00fcstung vervollkommnen.<\/p>\n\n\n\n<p>Erlebe das Mittelalter hautnah, indem du als Gast an einem unserer LARP-Events teilnimmst. Sp\u00fcre die Atmosph\u00e4re und tauche ein in spannende Geschichten.<\/p>\n\n\n\n<p>Wir entscheiden dann gemeinsam, ob du ein Teil unserer Gemeinschaft werden m\u00f6chtest und wir zusammenpassen.<\/p>\n\n\n\n<p>Herzlich willkommen in unserer Gemeinschaft! Wir freuen uns darauf, dich dabei zu haben!<\/p>\n<\/div>\n\n\n\n<div class=\"wp-block-column is-layout-flow wp-block-column-is-layout-flow\" style=\"flex-basis:20%\"><\/div>\n<\/div>\n<\/div>\n<\/div><\/div>\n<\/section>\n","protected":false},"excerpt":{"rendered":"","protected":false},"author":1,"featured_media":0,"parent":0,"menu_order":0,"comment_status":"closed","ping_status":"closed","template":"","meta":{"footnotes":""},"class_list":["post-253","page","type-page","status-publish","hentry"],"_links":{"self":[{"href":"https:\/\/baronie.von-rosenstein.de\/index.php\/wp-json\/wp\/v2\/pages\/253","targetHints":{"allow":["GET"]}}],"collection":[{"href":"https:\/\/baronie.von-rosenstein.de\/index.php\/wp-json\/wp\/v2\/pages"}],"about":[{"href":"https:\/\/baronie.von-rosenstein.de\/index.php\/wp-json\/wp\/v2\/types\/page"}],"author":[{"embeddable":true,"href":"https:\/\/baronie.von-rosenstein.de\/index.php\/wp-json\/wp\/v2\/users\/1"}],"replies":[{"embeddable":true,"href":"https:\/\/baronie.von-rosenstein.de\/index.php\/wp-json\/wp\/v2\/comments?post=253"}],"version-history":[{"count":14,"href":"https:\/\/baronie.von-rosenstein.de\/index.php\/wp-json\/wp\/v2\/pages\/253\/revisions"}],"predecessor-version":[{"id":314,"href":"https:\/\/baronie.von-rosenstein.de\/index.php\/wp-json\/wp\/v2\/pages\/253\/revisions\/314"}],"wp:attachment":[{"href":"https:\/\/baronie.von-rosenstein.de\/index.php\/wp-json\/wp\/v2\/media?parent=253"}],"curies":[{"name":"wp","href":"https:\/\/api.w.org\/{rel}","templated":true}]}}