{"id":155,"date":"2023-12-31T00:02:59","date_gmt":"2023-12-30T23:02:59","guid":{"rendered":"https:\/\/baronie.von-rosenstein.de\/?page_id=155"},"modified":"2023-12-31T00:31:11","modified_gmt":"2023-12-30T23:31:11","slug":"botenkanzlei","status":"publish","type":"page","link":"https:\/\/baronie.von-rosenstein.de\/index.php\/botenkanzlei\/","title":{"rendered":"Botenkanzlei"},"content":{"rendered":"\n<section class=\"wp-block-group is-layout-flow wp-block-group-is-layout-flow\">\n<div class=\"wp-block-cover has-parallax\" style=\"padding-top:10rem;padding-bottom:10rem\"><span aria-hidden=\"true\" class=\"wp-block-cover__background has-background-dim-80 has-background-dim wp-block-cover__gradient-background has-background-gradient has-diagonal-primary-to-foreground-gradient-background\"><\/span><div role=\"img\" class=\"wp-block-cover__image-background wp-image-156 has-parallax\" style=\"background-position:50% 50%;background-image:url(https:\/\/baronie.von-rosenstein.de\/wp-content\/uploads\/2023\/12\/DALL\u00b7E-2023-12-30-23.59.35-A-medieval-messengers-office-featuring-a-bustling-environment-with-several-messengers-in-medieval-attire-preparing-to-dispatch.-The-room-is-adorned-.png)\"><\/div><div class=\"wp-block-cover__inner-container is-layout-flow wp-block-cover-is-layout-flow\">\n<div class=\"wp-block-group is-layout-constrained wp-block-group-is-layout-constrained\">\n<div class=\"wp-block-columns is-layout-flex wp-container-core-columns-is-layout-28f84493 wp-block-columns-is-layout-flex\">\n<div class=\"wp-block-column is-layout-flow wp-block-column-is-layout-flow\" style=\"flex-basis:20%\"><\/div>\n\n\n\n<div class=\"wp-block-column is-layout-flow wp-block-column-is-layout-flow\" style=\"flex-basis:60%\">\n<h2 class=\"wp-block-heading has-text-align-center has-x-large-font-size\">Rosensteiner Botenkanzlei<\/h2>\n\n\n\n<p>Die Baronie Rosenstein besitzt eine eigene Botenkanzlei. Hier finden nicht allein innerhalb unserer Baronie, sondern auch im Austausch mit den benachbarten L\u00e4ndereien, eilige Botschaften Geh\u00f6r. Mit ehrw\u00fcrdigen Schreibern und flinken Boten gew\u00e4hrleisten wir, dass Nachrichten zuverl\u00e4ssig und z\u00fcgig ihren Weg finden, sei es innerhalb unserer Grenzen oder weit \u00fcber die Landesgrenzen hinaus. Unsere Kanzlei ist ein Knotenpunkt f\u00fcr Kommunikation und ein unverzichtbarer Bestandteil unseres Dienstes f\u00fcr die Baronie und die umliegenden Regionen. So halten wir die Bande zwischen uns und unseren Nachbarn fest gekn\u00fcpft und pflegen die Tradition der Nachrichten\u00fcbermittlung auf ehrenvolle Weise fort.<br><br>Wenn ein Empf\u00e4nger \u00fcber den Botenbund Cendara erreichbar ist, erfolgt die Versendung einer Botschaft in der Regel \u00fcber die renommierte Kanzlei von Cendara.<\/p>\n<\/div>\n\n\n\n<div class=\"wp-block-column is-layout-flow wp-block-column-is-layout-flow\" style=\"flex-basis:20%\"><\/div>\n<\/div>\n<\/div>\n<\/div><\/div>\n<\/section>\n\n\n\n<section class=\"wp-block-group is-layout-flow wp-block-group-is-layout-flow\">\n<div class=\"wp-block-cover has-parallax\" style=\"padding-top:10rem;padding-bottom:10rem\"><span aria-hidden=\"true\" class=\"wp-block-cover__background has-background-dim-80 has-background-dim wp-block-cover__gradient-background has-background-gradient has-diagonal-primary-to-foreground-gradient-background\"><\/span><div role=\"img\" class=\"wp-block-cover__image-background wp-image-161 has-parallax\" style=\"background-position:50% 50%;background-image:url(https:\/\/baronie.von-rosenstein.de\/wp-content\/uploads\/2023\/12\/DALL\u00b7E-2023-12-31-00.06.37-Inside-a-medieval-messengers-office-a-scene-unfolds-where-a-messenger-is-handing-over-a-scroll-to-a-scribe.-The-messenger-in-a-simple-tunic-and-wit.png)\"><\/div><div class=\"wp-block-cover__inner-container is-layout-flow wp-block-cover-is-layout-flow\">\n<div class=\"wp-block-group is-layout-constrained wp-block-group-is-layout-constrained\">\n<div class=\"wp-block-columns is-layout-flex wp-container-core-columns-is-layout-28f84493 wp-block-columns-is-layout-flex\">\n<div class=\"wp-block-column is-layout-flow wp-block-column-is-layout-flow\" style=\"flex-basis:20%\"><\/div>\n\n\n\n<div class=\"wp-block-column is-layout-flow wp-block-column-is-layout-flow\" style=\"flex-basis:60%\">\n<h2 class=\"wp-block-heading has-text-align-center has-x-large-font-size\">Kanzlei des Botenbund Cendara<\/h2>\n\n\n\n<p>In der Baronie Rosenstein befindet sich eine Kanzlei des Botenbundes Cendara. Diese neutralen Kanzleien des Netzwerks erm\u00f6glichen eine rasche und zuverl\u00e4ssige \u00dcbermittlung von Botschaften.<\/p>\n<\/div>\n\n\n\n<div class=\"wp-block-column is-layout-flow wp-block-column-is-layout-flow\" style=\"flex-basis:20%\"><\/div>\n<\/div>\n<\/div>\n<\/div><\/div>\n<\/section>\n\n\n\n<section class=\"wp-block-group is-layout-flow wp-block-group-is-layout-flow\">\n<div class=\"wp-block-cover has-parallax\" style=\"padding-top:10rem;padding-bottom:10rem\"><span aria-hidden=\"true\" class=\"wp-block-cover__background has-background-dim-80 has-background-dim wp-block-cover__gradient-background has-background-gradient has-diagonal-primary-to-foreground-gradient-background\"><\/span><div role=\"img\" class=\"wp-block-cover__image-background wp-image-159 has-parallax\" style=\"background-position:50% 50%;background-image:url(https:\/\/baronie.von-rosenstein.de\/wp-content\/uploads\/2023\/12\/DALL\u00b7E-2023-12-31-00.05.49-Inside-a-medieval-messengers-office-a-scene-unfolds-where-a-messenger-is-handing-over-a-scroll-to-a-scribe.-The-messenger-in-a-simple-tunic-and-wit.png)\"><\/div><div class=\"wp-block-cover__inner-container is-layout-flow wp-block-cover-is-layout-flow\">\n<div class=\"wp-block-group is-layout-constrained wp-block-group-is-layout-constrained\">\n<div class=\"wp-block-columns is-layout-flex wp-container-core-columns-is-layout-28f84493 wp-block-columns-is-layout-flex\">\n<div class=\"wp-block-column is-layout-flow wp-block-column-is-layout-flow\" style=\"flex-basis:20%\"><\/div>\n\n\n\n<div class=\"wp-block-column is-layout-flow wp-block-column-is-layout-flow\" style=\"flex-basis:60%\">\n<h2 class=\"wp-block-heading has-text-align-center has-x-large-font-size\"><\/h2>\n<\/div>\n\n\n\n<div class=\"wp-block-column is-layout-flow wp-block-column-is-layout-flow\" style=\"flex-basis:20%\"><\/div>\n<\/div>\n<\/div>\n<\/div><\/div>\n<\/section>\n","protected":false},"excerpt":{"rendered":"","protected":false},"author":1,"featured_media":0,"parent":0,"menu_order":0,"comment_status":"closed","ping_status":"closed","template":"","meta":{"footnotes":""},"class_list":["post-155","page","type-page","status-publish","hentry"],"_links":{"self":[{"href":"https:\/\/baronie.von-rosenstein.de\/index.php\/wp-json\/wp\/v2\/pages\/155","targetHints":{"allow":["GET"]}}],"collection":[{"href":"https:\/\/baronie.von-rosenstein.de\/index.php\/wp-json\/wp\/v2\/pages"}],"about":[{"href":"https:\/\/baronie.von-rosenstein.de\/index.php\/wp-json\/wp\/v2\/types\/page"}],"author":[{"embeddable":true,"href":"https:\/\/baronie.von-rosenstein.de\/index.php\/wp-json\/wp\/v2\/users\/1"}],"replies":[{"embeddable":true,"href":"https:\/\/baronie.von-rosenstein.de\/index.php\/wp-json\/wp\/v2\/comments?post=155"}],"version-history":[{"count":7,"href":"https:\/\/baronie.von-rosenstein.de\/index.php\/wp-json\/wp\/v2\/pages\/155\/revisions"}],"predecessor-version":[{"id":167,"href":"https:\/\/baronie.von-rosenstein.de\/index.php\/wp-json\/wp\/v2\/pages\/155\/revisions\/167"}],"wp:attachment":[{"href":"https:\/\/baronie.von-rosenstein.de\/index.php\/wp-json\/wp\/v2\/media?parent=155"}],"curies":[{"name":"wp","href":"https:\/\/api.w.org\/{rel}","templated":true}]}}