{"id":123,"date":"2023-12-29T00:43:48","date_gmt":"2023-12-28T23:43:48","guid":{"rendered":"https:\/\/baronie.von-rosenstein.de\/?page_id=123"},"modified":"2024-01-08T20:53:52","modified_gmt":"2024-01-08T19:53:52","slug":"baronie","status":"publish","type":"page","link":"https:\/\/baronie.von-rosenstein.de\/index.php\/baronie\/","title":{"rendered":"Baronie"},"content":{"rendered":"\n<section class=\"wp-block-group is-layout-flow wp-block-group-is-layout-flow\">\n<div class=\"wp-block-cover has-parallax\" style=\"padding-top:10rem;padding-bottom:10rem\"><span aria-hidden=\"true\" class=\"wp-block-cover__background has-background-dim-80 has-background-dim wp-block-cover__gradient-background has-background-gradient has-diagonal-primary-to-foreground-gradient-background\"><\/span><div role=\"img\" class=\"wp-block-cover__image-background wp-image-24 has-parallax\" style=\"background-position:50% 50%;background-image:url(https:\/\/baronie.von-rosenstein.de\/wp-content\/uploads\/2023\/12\/14f6f690-3a89-4d97-81b9-5fe702d07442-1.jpeg)\"><\/div><div class=\"wp-block-cover__inner-container is-layout-flow wp-block-cover-is-layout-flow\">\n<div class=\"wp-block-group is-layout-constrained wp-block-group-is-layout-constrained\">\n<div class=\"wp-block-columns is-layout-flex wp-container-core-columns-is-layout-28f84493 wp-block-columns-is-layout-flex\">\n<div class=\"wp-block-column is-layout-flow wp-block-column-is-layout-flow\" style=\"flex-basis:20%\"><\/div>\n\n\n\n<div class=\"wp-block-column is-layout-flow wp-block-column-is-layout-flow\" style=\"flex-basis:60%\">\n<p>Lauschet und vernehmet die Kunde von der Baronie Rosenstein, einem Lande, wo Geschichte und Legenden sich in einem ewigen Reigen vereinen. Inmitten von \u00fcppigen W\u00e4ldern und sanften H\u00fcgeln, die sich unter dem blauen Himmel erstrecken, liegt diese stolze Baronie, ein Juwel im Herzen des Reiches.<\/p>\n\n\n\n<p>Rosenstein, benannt nach der pr\u00e4chtigen Rose, die in ihrem Wappen prangt, ist ein Land des \u00dcberflusses und der Sch\u00f6nheit. Ihre Felder, reich an Getreide und Frucht, n\u00e4hren ihre Bewohner, und ihre W\u00e4lder sind erf\u00fcllt mit Wild und verborgenen Geheimnissen. Die Fl\u00fcsse der Baronie flie\u00dfen klar und rein, und ihre M\u00fchlen drehen sich unaufh\u00f6rlich, ein Zeichen des unerm\u00fcdlichen Flei\u00dfes ihrer Leute.<\/p>\n\n\n\n<p>Das Herz der Baronie schl\u00e4gt in der m\u00e4chtigen Festung, die hoch \u00fcber dem Lande thront. Die T\u00fcrme des Schlosses, wie Finger, die zum Himmel zeigen, sind W\u00e4chter \u00fcber die Sicherheit und Ehre der Baronie.<\/p>\n<\/div>\n\n\n\n<div class=\"wp-block-column is-layout-flow wp-block-column-is-layout-flow\" style=\"flex-basis:20%\"><\/div>\n<\/div>\n<\/div>\n<\/div><\/div>\n<\/section>\n\n\n\n<section class=\"wp-block-group is-layout-flow wp-block-group-is-layout-flow\">\n<div class=\"wp-block-cover has-parallax\" style=\"padding-top:10rem;padding-bottom:10rem\"><span aria-hidden=\"true\" class=\"wp-block-cover__background has-background-dim-80 has-background-dim wp-block-cover__gradient-background has-background-gradient has-diagonal-primary-to-foreground-gradient-background\"><\/span><div role=\"img\" class=\"wp-block-cover__image-background wp-image-23 has-parallax\" style=\"background-position:50% 50%;background-image:url(https:\/\/baronie.von-rosenstein.de\/wp-content\/uploads\/2023\/12\/4db38772-a83c-408a-8e20-f0c079a9e37b.jpeg)\"><\/div><div class=\"wp-block-cover__inner-container is-layout-flow wp-block-cover-is-layout-flow\">\n<div class=\"wp-block-group is-layout-constrained wp-block-group-is-layout-constrained\">\n<div class=\"wp-block-columns is-layout-flex wp-container-core-columns-is-layout-28f84493 wp-block-columns-is-layout-flex\">\n<div class=\"wp-block-column is-layout-flow wp-block-column-is-layout-flow\" style=\"flex-basis:20%\"><\/div>\n\n\n\n<div class=\"wp-block-column is-layout-flow wp-block-column-is-layout-flow\" style=\"flex-basis:60%\">\n<p>Die Adligen von Rosenstein sind bekannt f\u00fcr ihre Ritterlichkeit und ihr edles Wesen. Sie wandeln in pr\u00e4chtigen Gew\u00e4ndern und pflegen die K\u00fcnste des Fechtens und der Dichtkunst. In ihren Hallen hallt das Lachen fr\u00f6hlicher Feste, wo Minnes\u00e4nger ihre Lieder vortragen und die T\u00e4nzer im Kerzenschein wirbeln.<\/p>\n\n\n\n<p>Doch nicht nur der Adel pr\u00e4gt das Antlitz der Baronie. Die Bauern, Handwerker und Kaufleute, die in den D\u00f6rfern und auf den M\u00e4rkten ihrer H\u00e4nde Werk verrichten, sind das wahre R\u00fcckgrat von Rosenstein. Mit Flei\u00df und Geschick bearbeiten sie das Land, schmieden das Eisen und weben die Stoffe, die Rosenstein weit \u00fcber ihre Grenzen hinaus bekannt machen.<\/p>\n\n\n\n<p>So steht die Baronie Rosenstein, fest verwurzelt in ihren Traditionen, doch stets offen f\u00fcr die Wege der Zukunft. Sie ist ein Land, in dem Ehre und Treue mehr als blo\u00dfe Worte sind \u2013 sie sind der Leitstern, der den Weg ihrer Menschen durch das Leben weist. In Rosenstein, wo die Rose in ihrem Wappen bl\u00fcht, findet sich eine Welt, die in ihrer mittelalterlichen Pracht und W\u00fcrde erstrahlt.<\/p>\n<\/div>\n\n\n\n<div class=\"wp-block-column is-layout-flow wp-block-column-is-layout-flow\" style=\"flex-basis:20%\"><\/div>\n<\/div>\n<\/div>\n<\/div><\/div>\n<\/section>\n\n\n\n<section class=\"wp-block-group is-layout-flow wp-block-group-is-layout-flow\">\n<div class=\"wp-block-cover has-parallax\" style=\"padding-top:10rem;padding-bottom:10rem\"><span aria-hidden=\"true\" class=\"wp-block-cover__background has-background-dim-80 has-background-dim wp-block-cover__gradient-background has-background-gradient has-diagonal-primary-to-foreground-gradient-background\"><\/span><div role=\"img\" class=\"wp-block-cover__image-background wp-image-28 has-parallax\" style=\"background-position:50% 50%;background-image:url(https:\/\/baronie.von-rosenstein.de\/wp-content\/uploads\/2023\/12\/753f5f67-8f02-4d12-8af7-5258823e321e.jpeg)\"><\/div><div class=\"wp-block-cover__inner-container is-layout-flow wp-block-cover-is-layout-flow\">\n<div class=\"wp-block-group is-layout-constrained wp-block-group-is-layout-constrained\">\n<div class=\"wp-block-columns is-layout-flex wp-container-core-columns-is-layout-28f84493 wp-block-columns-is-layout-flex\">\n<div class=\"wp-block-column is-layout-flow wp-block-column-is-layout-flow\" style=\"flex-basis:20%\"><\/div>\n\n\n\n<div class=\"wp-block-column is-layout-flow wp-block-column-is-layout-flow\" style=\"flex-basis:60%\">\n<h2 class=\"wp-block-heading has-text-align-center has-x-large-font-size\">Lavendelbl\u00fctenfest<\/h2>\n\n\n\n<p>Das Lavendelbl\u00fctenfest in der Baronie Rosenstein ist ein j\u00e4hrliches Ereignis, das die Pracht der Lavendelfelder und die Kultur der Baronie feiert. Hier sind einige Details \u00fcber das Lavendelbl\u00fctenfest:&nbsp;<br>&nbsp;&nbsp;<br>Das Lavendelbl\u00fctenfest findet traditionell im sp\u00e4ten Fr\u00fchling oder Fr\u00fchsommer statt, wenn die Lavendelfelder in voller Bl\u00fcte stehen. Es kann \u00fcber mehrere Tage hinweg gefeiert werden.&nbsp;<br>&nbsp;&nbsp;<br>Das Fest bietet eine Vielzahl von kulturellen Aktivit\u00e4ten, darunter Musik, Tanz, Theaterauff\u00fchrungen und Kunstausstellungen. Die Bewohner der Baronie zeigen stolz ihre Talente und feiern ihre kulturelle Identit\u00e4t.&nbsp;<br>&nbsp;&nbsp;<br>W\u00e4hrend des Festes haben die Besucher oft die M\u00f6glichkeit, selbst Lavendelbl\u00fcten zu pfl\u00fccken. Dies ist eine beliebte Aktivit\u00e4t, bei der die Menschen B\u00fcndel von Lavendel f\u00fcr duftende Kr\u00e4nze und Potpourris sammeln.&nbsp;<br>&nbsp;&nbsp;<br>Das Lavendelbl\u00fctenfest ist ein farbenfrohes und kulturell reiches Ereignis, das die Sch\u00f6nheit der Natur und die Verbundenheit der Menschen in der Baronie Rosenstein feiert. Es spielt eine wichtige Rolle in der Gemeinschaft und kann in Ihrer Geschichte als Kulisse f\u00fcr wichtige Ereignisse oder Wendepunkte dienen.&nbsp;<\/p>\n<\/div>\n\n\n\n<div class=\"wp-block-column is-layout-flow wp-block-column-is-layout-flow\" style=\"flex-basis:20%\"><\/div>\n<\/div>\n<\/div>\n<\/div><\/div>\n<\/section>\n","protected":false},"excerpt":{"rendered":"","protected":false},"author":1,"featured_media":0,"parent":0,"menu_order":0,"comment_status":"closed","ping_status":"closed","template":"","meta":{"footnotes":""},"class_list":["post-123","page","type-page","status-publish","hentry"],"_links":{"self":[{"href":"https:\/\/baronie.von-rosenstein.de\/index.php\/wp-json\/wp\/v2\/pages\/123","targetHints":{"allow":["GET"]}}],"collection":[{"href":"https:\/\/baronie.von-rosenstein.de\/index.php\/wp-json\/wp\/v2\/pages"}],"about":[{"href":"https:\/\/baronie.von-rosenstein.de\/index.php\/wp-json\/wp\/v2\/types\/page"}],"author":[{"embeddable":true,"href":"https:\/\/baronie.von-rosenstein.de\/index.php\/wp-json\/wp\/v2\/users\/1"}],"replies":[{"embeddable":true,"href":"https:\/\/baronie.von-rosenstein.de\/index.php\/wp-json\/wp\/v2\/comments?post=123"}],"version-history":[{"count":11,"href":"https:\/\/baronie.von-rosenstein.de\/index.php\/wp-json\/wp\/v2\/pages\/123\/revisions"}],"predecessor-version":[{"id":250,"href":"https:\/\/baronie.von-rosenstein.de\/index.php\/wp-json\/wp\/v2\/pages\/123\/revisions\/250"}],"wp:attachment":[{"href":"https:\/\/baronie.von-rosenstein.de\/index.php\/wp-json\/wp\/v2\/media?parent=123"}],"curies":[{"name":"wp","href":"https:\/\/api.w.org\/{rel}","templated":true}]}}